{"id":1905,"date":"2012-11-11T16:13:11","date_gmt":"2012-11-11T14:13:11","guid":{"rendered":"http:\/\/www.w124.org\/sitepublic\/?page_id=1905"},"modified":"2024-04-25T16:38:30","modified_gmt":"2024-04-25T14:38:30","slug":"bonnes-adresses","status":"publish","type":"page","link":"https:\/\/www.w124.org\/sitepublic\/?page_id=1905","title":{"rendered":"Bons plans"},"content":{"rendered":"<table border=\"0\" cellspacing=\"0\" cellpadding=\"0\" align=\"center\">\n<tbody>\n<tr>\n<td rowspan=\"2\" width=\"15%\">\n<div><a href=\"http:\/\/www.mannes.fr\" target=\"_blank\" rel=\"noopener noreferrer\"><img class=\"alignnone size-full wp-image-1403 lws-optimize-lazyload\" title=\"sitemannes\"  alt=\"\" width=\"200\" height=\"153\" data-src=\"\/sitepublic\/wp-content\/uploads\/2010\/08\/sitemannes.jpg\" srcset=\"https:\/\/www.w124.org\/sitepublic\/wp-content\/uploads\/2010\/08\/sitemannes.jpg 200w, https:\/\/www.w124.org\/sitepublic\/wp-content\/uploads\/2010\/08\/sitemannes-150x114.jpg 150w\" sizes=\"(max-width: 200px) 100vw, 200px\" \/><\/a><\/div>\n<\/td>\n<td align=\"center\" valign=\"middle\" width=\"85%\"><strong>MANNESPIECES &#8211; MANNESFRANCE &#8211; Pi\u00e8ces et ateliers<br \/>\n<\/strong><\/td>\n<\/tr>\n<tr>\n<td align=\"left\" valign=\"middle\">\n<div style=\"text-align: justify;\">Depuis 30 ans le N\u00b01 ind\u00e9pendant de la <strong>pi\u00e8ce d\u00e9tach\u00e9e 1\u00e8re monte<\/strong> pour v\u00e9hicules Mercedes. Pour la r\u00e9paration comme pour la vente, c\u2019est la garantie de la <strong>pi\u00e8ce de qualit\u00e9 sp\u00e9cifique <\/strong>, en provenance directe d\u2019Allemagne. Plus de 25 000 r\u00e9f\u00e9rences en stock, avec la <strong>qualit\u00e9 constructeur<\/strong>, la garantie et surtout des prix imbattables r\u00e9serv\u00e9s \u00e0 nos adh\u00e9rents ! <strong>4 ateliers \u00e0 votre service<\/strong> sur Paris, Lyon, Bordeaux. <strong>Site internet :<\/strong> <a href=\"https:\/\/www.mannes.fr\/\" target=\"_blank\" rel=\"noopener noreferrer\">https:\/\/www.mannes.fr<\/a><\/div>\n<\/td>\n<\/tr>\n<\/tbody>\n<\/table>\n<p style=\"text-align: center;\"><span style=\"color: #333399;\"><strong>Concessions Mercedes-Benz<\/strong><\/span><\/p>\n<table class=\" aligncenter\" style=\"width: 900px;\" border=\"0\" cellspacing=\"1\" cellpadding=\"0\" align=\"center\">\n<tbody>\n<tr style=\"height: 64px;\">\n<td style=\"height: 64px;\" align=\"center\" valign=\"middle\" width=\"29%\"><strong>Davis 27<\/strong>(sp\u00e9cialiste BVA)<br \/>\n3 rte Orl\u00e9ans Angerville la campagne 27930 Evreux<\/td>\n<td style=\"height: 64px;\">\n<div class=\"postbody\">Tel: 02.32.28.27.45 \/ Fax : 02.32.28.83.59<\/div>\n<div class=\"postbody\"><a href=\"https:\/\/mercedes-benz-evreux.espacevo.fr\/\" target=\"_blank\" rel=\"noopener\">Site internet<\/a><\/div>\n<\/td>\n<\/tr>\n<tr style=\"height: 64px;\">\n<td style=\"height: 64px;\" align=\"center\" valign=\"middle\"><strong>Mercedes Benz Sanc\u00e9 Automobile<\/strong><br \/>\nZAC des plati\u00e8res 5 imp Madone 71000 SANCE.<\/td>\n<td style=\"height: 64px;\">\n<div class=\"postbody\">Tel: 03.85.21.96.96 \/ Fax: 03 85 39 41 69<\/div>\n<div class=\"postbody\"><a href=\"https:\/\/www.groupechopard.com\/mercedes-benz\/contact\/mercedes-macon\/\" target=\"_blank\" rel=\"noopener noreferrer\">Site internet <\/a><\/div>\n<\/td>\n<\/tr>\n<tr style=\"height: 43px;\">\n<td style=\"height: 43px;\" align=\"center\" valign=\"middle\"><strong>Garage des Mongazons &#8211; Davis 78<\/strong><br \/>\nav de l&rsquo;Europe 78200 Magnanville<\/td>\n<td style=\"height: 43px;\">\n<div>Tel: 01.30.92.86.66 \/ Fax : 01.30.92.86.60<\/div>\n<div><a href=\"https:\/\/www.davis.mercedes-benz.fr\/\" target=\"_blank\" rel=\"noopener noreferrer\">Site internet<\/a><\/div>\n<\/td>\n<\/tr>\n<tr style=\"height: 43px;\">\n<td style=\"height: 43px;\" align=\"center\" valign=\"middle\"><strong>GORRIAS Automobiles<\/strong><br \/>\nZ.A. de la Canardi\u00e8re 62360 Isques<\/td>\n<td style=\"height: 43px;\" valign=\"middle\">\n<div>Tel: 03.21.92.18.24 \/ 03.21.31.43.18<\/div>\n<div><a href=\"http:\/\/www.gorrias.mercedes.fr\/\" target=\"_blank\" rel=\"noopener noreferrer\">Site internet<\/a><\/div>\n<\/td>\n<\/tr>\n<tr style=\"height: 43px;\">\n<td style=\"height: 43px;\" align=\"center\" valign=\"middle\"><strong>Etoile Tuning 78<\/strong> (AMG)<br \/>\n6, place de la loi 78150 Le Chesnay<\/td>\n<td style=\"height: 43px;\" valign=\"middle\">\n<div>Tel: 01.39.23.89.89 \/ Fax: 01.39.23.89.88<\/div>\n<div><a href=\"http:\/\/www.etoiletuning.com\/\" target=\"_blank\" rel=\"noopener noreferrer\">Site internet<\/a><\/div>\n<\/td>\n<\/tr>\n<tr style=\"height: 48.6px;\">\n<td style=\"height: 48.6px;\" align=\"center\" valign=\"middle\"><strong>Garage des Aubin<\/strong><br \/>\n28 route de Dijon 21700 Nuits St Georges<\/td>\n<td style=\"height: 48.6px;\" valign=\"middle\">\n<div>Tel: 03.80.61.03.85 \/ Fax: 03.80.61.30.58<\/div>\n<div><a href=\"http:\/\/www.garage-aubin.fr\/\" target=\"_blank\" rel=\"noopener noreferrer\">Site internet<\/a><\/div>\n<\/td>\n<\/tr>\n<\/tbody>\n<\/table>\n<p style=\"text-align: center;\"><span style=\"color: #333399;\"><strong>Garages ind\u00e9pendants \u00ab\u00a0amis des \u00e9toiles\u00a0\u00bb<\/strong><\/span><\/p>\n<table border=\"0\" cellspacing=\"0\" cellpadding=\"0\" align=\"center\">\n<tbody>\n<tr>\n<td width=\"102\" height=\"111\"><a href=\"http:\/\/www.etoilecollections.com\" target=\"_blank\" rel=\"noopener noreferrer\"><img  alt=\"Visitez le site \u00e9toile collections\" width=\"152\" height=\"98\" border=\"0\" class=\"lws-optimize-lazyload\" data-src=\"Partenaires\/etoilecollections\/pict2.jpg\"><\/a><\/td>\n<td align=\"left\" valign=\"top\" bgcolor=\"#cccccc\" width=\"770\">\n<div><strong>Etoile collections<\/strong><\/div>\n<div>\n<p>Thierry DAGUET, les 40 ans d&rsquo;esp\u00e9rience de son chef d&rsquo;atelier et toute son \u00e9quipe vous offrent une qualit\u00e9 de service \u00e0 la hauteur de la r\u00e9putation de l&rsquo;\u00e9toile qui symbolise la marque Mercedes-Benz. N&rsquo;h\u00e9sitez pas \u00e0 les contacter y compris si vous recherchez une Mercedes neuve ou d&rsquo;occasion.<\/p>\n<p><a href=\"http:\/\/www.etoilecollections.com\" target=\"_blank\" rel=\"noopener noreferrer\">Visitez le site internet Etoile Collections<\/a><\/p>\n<p><strong>80 Avenue D\u2019argenteuil &#8211; 92600 &#8211; Asni\u00e8res-sur-Sc\u00e8ne- Tel: 09.74.56.25.86<br \/>\n<\/strong><\/p>\n<\/div>\n<\/td>\n<td width=\"128\">\n<div><a href=\"http:\/\/www.etoilecollections.com\" target=\"_blank\" rel=\"noopener noreferrer\"><img  alt=\"Visiter le site Etoile Collections\" width=\"152\" height=\"100\" border=\"0\" class=\"lws-optimize-lazyload\" data-src=\"Partenaires\/etoilecollections\/pict1.jpg\"><\/a><\/div>\n<\/td>\n<\/tr>\n<\/tbody>\n<\/table>\n<table border=\"0\" cellspacing=\"0\" cellpadding=\"0\" align=\"center\">\n<tbody>\n<tr>\n<td width=\"102\" height=\"111\">\n<div><a href=\"http:\/\/www.latelier600.fr\" target=\"_blank\" rel=\"noopener noreferrer\"><img  alt=\"Visiter le site de l'Atelier 600\" width=\"152\" height=\"117\" border=\"0\" class=\"lws-optimize-lazyload\" data-src=\"Partenaires\/atelier600\/site.jpg\"><\/a><\/div>\n<\/td>\n<td align=\"left\" valign=\"top\" bgcolor=\"#cccccc\" width=\"770\">\n<div><strong>L&rsquo;atelier 600<\/strong><\/div>\n<div>Jean-Christophe Branthomme vous accueille dans son atelier, aux portes de la Normandie. \u00c9quip\u00e9 sp\u00e9cialement pour l&rsquo;entretien, la r\u00e9paration et la restauration des Mercedes des ann\u00e9es 1955 \u00e0 1990 et notamment des mod\u00e8les 600 dont il est un sp\u00e9cialiste incontournable gr\u00e0ce \u00e0 ses 20 ans d&rsquo;exp\u00e9rience, \u00e0 l&rsquo;outillage sp\u00e9cifique et un stock de pi\u00e8ces d\u00e9tach\u00e9es d&rsquo;occasion.<br \/>\n<a href=\"https:\/\/branthomme-casse-auto-st-marcel.fr\/fr\/page\/l-atelier-600\" target=\"_blank\" rel=\"noopener noreferrer\">Visitez le site internet de l&rsquo;Atelier 600<\/a><br \/>\n<strong>7 rue de l&rsquo;industrie 27950 Saint Marcel &#8211; Tel: 02.32.51.72.68 &#8211; 08.73.64.12.40<\/strong><\/div>\n<\/td>\n<td width=\"128\">\n<div><a href=\"http:\/\/www.latelier600.fr\" target=\"_blank\" rel=\"noopener noreferrer\"><img  alt=\"Visiter le site de l'Atelier 600\" width=\"150\" height=\"100\" border=\"0\" class=\"lws-optimize-lazyload\" data-src=\"Partenaires\/atelier600\/site2.jpg\"><\/a><\/div>\n<\/td>\n<\/tr>\n<\/tbody>\n<\/table>\n<table class=\"aligncenter\" style=\"width: 900px; height: 352px;\" border=\"1\">\n<tbody>\n<tr style=\"background-color: #6aaaf7; height: 43px;\">\n<td style=\"text-align: center; width: 149.45px; height: 43px;\">M\u00e9canique<\/td>\n<td style=\"text-align: center; width: 208.9px; height: 43px;\">M\u00e9canique<\/td>\n<td style=\"text-align: center; width: 192px; height: 43px;\">M\u00e9canique<\/td>\n<td style=\"text-align: center; width: 180.133px; height: 43px;\">M\u00e9canique \/ pneus \/ clim<\/td>\n<td style=\"text-align: center; width: 135.517px; height: 43px;\">Carrosserie \/ Peinture<\/td>\n<\/tr>\n<tr style=\"height: 129px;\">\n<td style=\"width: 149.45px; height: 129px;\"><strong>Garage St Nicolas<\/strong><br \/>\n61, rue St Nicolas<br \/>\n78600 Maisons-Laffitte<br \/>\nTel: 01.39.62.05.95<br \/>\n<a href=\"http:\/\/www.garage-maisons-laffitte.fr\/\" target=\"_blank\" rel=\"noopener\">Site internet<\/a><\/td>\n<td style=\"width: 208.9px; height: 129px;\"><strong>Garage Michel<\/strong><br \/>\n51 rue \u00e9mile zola<br \/>\n59320 Hallennes les Haubourdin<br \/>\nTel: 03.20.07.59.46<br \/>\nFax: 03.20.07.26.29<\/td>\n<td style=\"width: 192px; height: 129px;\"><strong>Garage E.S.M<br \/>\n<\/strong>7 rue Lieutenant Raoul Batany<strong><br \/>\n<\/strong>92190 Meudon<strong><br \/>\n<\/strong> Tel: 01.45.34.22.71<strong><br \/>\n<\/strong> Sp\u00e9cialiste Diesel<\/td>\n<td style=\"width: 180.133px; height: 129px;\"><strong>Garage Sport Auto 3000<\/strong><br \/>\n6 rue de la Gr\u00e8ve<br \/>\n78130 Chapet<br \/>\nTel: 01.34.92.97.85<br \/>\n<a href=\"http:\/\/www.sportauto3000.fr\/\" target=\"_blank\" rel=\"noopener noreferrer\">Site internet<\/a><\/td>\n<td style=\"width: 135.517px; height: 129px;\"><strong>Carrosserie SERET<br \/>\n<\/strong>Route de Bouchet<br \/>\n26790 SUZE-la-Rousse<br \/>\nTel: 04 75 98 26 86<\/td>\n<\/tr>\n<tr style=\"background-color: #6aaaf7; height: 21px;\">\n<td style=\"text-align: center; width: 149.45px; height: 21px;\">Casse Auto<\/td>\n<td style=\"text-align: center; width: 208.9px; height: 21px;\">Sellerie<\/td>\n<td style=\"text-align: center; width: 192px; height: 21px;\">&nbsp;<\/td>\n<td style=\"text-align: center; width: 180.133px; height: 21px;\">&nbsp;<\/td>\n<td style=\"text-align: center; width: 135.517px; height: 21px;\">&nbsp;<\/td>\n<\/tr>\n<tr style=\"height: 117.6px;\">\n<td style=\"width: 149.45px; height: 117.6px;\"><strong>Auto 4<br \/>\n<\/strong>14 rue de Paris RN 4<br \/>\n77340 Pontault Combault<br \/>\nTel: 01.60.29.45.27<br \/>\n<a href=\"https:\/\/www.facebook.com\/Auto4mercedes\/?locale=fr_FR\" target=\"_blank\" rel=\"noopener\">Site internet<\/a><\/td>\n<td style=\"width: 208.9px; height: 117.6px;\"><strong>ASCI<br \/>\n<\/strong>27 rue de valence<br \/>\n78410 Flins sur Seine<br \/>\nT\u00e9l.: 01.30.90.28.00<br \/>\n<a href=\"http:\/\/www.asci78.fr\/\" target=\"_blank\" rel=\"noopener\">Site internet<\/a><\/td>\n<td style=\"text-align: center; width: 192px; height: 117.6px;\">&nbsp;<\/td>\n<td style=\"text-align: center; width: 180.133px; height: 117.6px;\">&nbsp;<\/td>\n<td style=\"text-align: center; width: 135.517px; height: 117.6px;\">&nbsp;<\/td>\n<\/tr>\n<\/tbody>\n<\/table>\n<p>&nbsp;<\/p>\n","protected":false},"excerpt":{"rendered":"<p> MANNESPIECES &#8211; MANNESFRANCE &#8211; Pi\u00e8ces et ateliers Depuis 30 ans le N\u00b01 ind\u00e9pendant de la pi\u00e8ce d\u00e9tach\u00e9e 1\u00e8re monte pour v\u00e9hicules Mercedes. Pour la r\u00e9paration comme pour la vente, c\u2019est la garantie de la pi\u00e8ce de qualit\u00e9 sp\u00e9cifique , en provenance directe d\u2019Allemagne. Plus de 25 000 r\u00e9f\u00e9rences en stock, avec la qualit\u00e9 constructeur, <span style=\"color:#777\"> . . . &rarr; Lire tout l&rsquo;article: <a href=\"https:\/\/www.w124.org\/sitepublic\/?page_id=1905\">Bons plans<\/a><\/span><\/p>\n","protected":false},"author":1,"featured_media":0,"parent":778,"menu_order":150,"comment_status":"closed","ping_status":"closed","template":"","meta":{"om_disable_all_campaigns":false,"_monsterinsights_skip_tracking":false,"_monsterinsights_sitenote_active":false,"_monsterinsights_sitenote_note":"","_monsterinsights_sitenote_category":0,"ngg_post_thumbnail":0,"footnotes":""},"class_list":["post-1905","page","type-page","status-publish","hentry","odd"],"aioseo_notices":[],"_links":{"self":[{"href":"https:\/\/www.w124.org\/sitepublic\/index.php?rest_route=\/wp\/v2\/pages\/1905","targetHints":{"allow":["GET"]}}],"collection":[{"href":"https:\/\/www.w124.org\/sitepublic\/index.php?rest_route=\/wp\/v2\/pages"}],"about":[{"href":"https:\/\/www.w124.org\/sitepublic\/index.php?rest_route=\/wp\/v2\/types\/page"}],"author":[{"embeddable":true,"href":"https:\/\/www.w124.org\/sitepublic\/index.php?rest_route=\/wp\/v2\/users\/1"}],"replies":[{"embeddable":true,"href":"https:\/\/www.w124.org\/sitepublic\/index.php?rest_route=%2Fwp%2Fv2%2Fcomments&post=1905"}],"version-history":[{"count":56,"href":"https:\/\/www.w124.org\/sitepublic\/index.php?rest_route=\/wp\/v2\/pages\/1905\/revisions"}],"predecessor-version":[{"id":9390,"href":"https:\/\/www.w124.org\/sitepublic\/index.php?rest_route=\/wp\/v2\/pages\/1905\/revisions\/9390"}],"up":[{"embeddable":true,"href":"https:\/\/www.w124.org\/sitepublic\/index.php?rest_route=\/wp\/v2\/pages\/778"}],"wp:attachment":[{"href":"https:\/\/www.w124.org\/sitepublic\/index.php?rest_route=%2Fwp%2Fv2%2Fmedia&parent=1905"}],"curies":[{"name":"wp","href":"https:\/\/api.w.org\/{rel}","templated":true}]}}