{"id":2065,"date":"2013-07-24T10:05:12","date_gmt":"2013-07-24T08:05:12","guid":{"rendered":"http:\/\/www.w124.org\/sitepublic\/?page_id=2065"},"modified":"2014-10-23T10:28:03","modified_gmt":"2014-10-23T08:28:03","slug":"vendre-des-pieces","status":"publish","type":"page","link":"https:\/\/www.w124.org\/sitepublic\/?page_id=2065","title":{"rendered":"Vendre des pi\u00e8ces"},"content":{"rendered":"\n<div class=\"wpcf7 no-js\" id=\"wpcf7-f2064-o1\" lang=\"en-US\" dir=\"ltr\" data-wpcf7-id=\"2064\">\n<div class=\"screen-reader-response\"><p role=\"status\" aria-live=\"polite\" aria-atomic=\"true\"><\/p> <ul><\/ul><\/div>\n<form action=\"\/sitepublic\/index.php?rest_route=%2Fwp%2Fv2%2Fpages%2F2065#wpcf7-f2064-o1\" method=\"post\" class=\"wpcf7-form init\" aria-label=\"Contact form\" enctype=\"multipart\/form-data\" novalidate=\"novalidate\" data-status=\"init\">\n<fieldset class=\"hidden-fields-container\"><input type=\"hidden\" name=\"_wpcf7\" value=\"2064\" \/><input type=\"hidden\" name=\"_wpcf7_version\" value=\"6.1.5\" \/><input type=\"hidden\" name=\"_wpcf7_locale\" value=\"en_US\" \/><input type=\"hidden\" name=\"_wpcf7_unit_tag\" value=\"wpcf7-f2064-o1\" \/><input type=\"hidden\" name=\"_wpcf7_container_post\" value=\"0\" \/><input type=\"hidden\" name=\"_wpcf7_posted_data_hash\" value=\"\" \/>\n<\/fieldset>\n<div class=\"wpcf7-turnstile cf-turnstile\" data-sitekey=\"0x4AAAAAACvULQdjCfHK5wnT\" data-response-field-name=\"_wpcf7_turnstile_response\"><\/div>\n\n<p>Les champs avec une * sont \u00e0 remplir obigatoirement.\n<\/p>\n<p>*Votre nom \/ pr\u00e9nom : <span class=\"wpcf7-form-control-wrap\" data-name=\"your-name\"><input size=\"40\" maxlength=\"400\" class=\"wpcf7-form-control wpcf7-text wpcf7-validates-as-required\" aria-required=\"true\" aria-invalid=\"false\" value=\"\" type=\"text\" name=\"your-name\" \/><\/span>\n<\/p>\n<p>*Votre email : <span class=\"wpcf7-form-control-wrap\" data-name=\"your-email\"><input size=\"40\" maxlength=\"400\" class=\"wpcf7-form-control wpcf7-email wpcf7-validates-as-required wpcf7-text wpcf7-validates-as-email\" aria-required=\"true\" aria-invalid=\"false\" value=\"\" type=\"email\" name=\"your-email\" \/><\/span>\n<\/p>\n<p> Ville : <span class=\"wpcf7-form-control-wrap\" data-name=\"text-311\"><input size=\"40\" maxlength=\"400\" class=\"wpcf7-form-control wpcf7-text\" aria-invalid=\"false\" value=\"\" type=\"text\" name=\"text-311\" \/><\/span>\n<\/p>\n<p>*Code postal : <span class=\"wpcf7-form-control-wrap\" data-name=\"text-876\"><input size=\"40\" maxlength=\"6\" class=\"wpcf7-form-control wpcf7-text wpcf7-validates-as-required\" aria-required=\"true\" aria-invalid=\"false\" value=\"\" type=\"text\" name=\"text-876\" \/><\/span>\n<\/p>\n<p>*T\u00e9l\u00e9phone : <span class=\"wpcf7-form-control-wrap\" data-name=\"text-614\"><input size=\"40\" maxlength=\"20\" class=\"wpcf7-form-control wpcf7-text wpcf7-validates-as-required\" aria-required=\"true\" aria-invalid=\"false\" value=\"\" type=\"text\" name=\"text-614\" \/><\/span>\n<\/p>\n<p>Descriptif de la pi\u00e8ce :\n<\/p>\n<p><span class=\"wpcf7-form-control-wrap\" data-name=\"your-message\"><textarea cols=\"40\" rows=\"10\" maxlength=\"2000\" class=\"wpcf7-form-control wpcf7-textarea\" aria-invalid=\"false\" name=\"your-message\"><\/textarea><\/span>\n<\/p>\n<p>*Prix de vente : <span class=\"wpcf7-form-control-wrap\" data-name=\"text-716\"><input size=\"40\" maxlength=\"8\" class=\"wpcf7-form-control wpcf7-text wpcf7-validates-as-required\" aria-required=\"true\" aria-invalid=\"false\" value=\"\" type=\"text\" name=\"text-716\" \/><\/span>\n<\/p>\n<p>Photo de la pi\u00e8ce: <span class=\"wpcf7-form-control-wrap\" data-name=\"file-388\"><input size=\"40\" class=\"wpcf7-form-control wpcf7-file\" accept=\"audio\/*,video\/*,image\/*\" aria-invalid=\"false\" type=\"file\" name=\"file-388\" \/><\/span>\n<\/p>\n<p align=\"center\"><input class=\"wpcf7-form-control wpcf7-submit has-spinner\" type=\"submit\" value=\"Envoyer\" \/>\n<\/p><p style=\"display: none !important;\" class=\"akismet-fields-container\" data-prefix=\"_wpcf7_ak_\"><label>&#916;<textarea name=\"_wpcf7_ak_hp_textarea\" cols=\"45\" rows=\"8\" maxlength=\"100\"><\/textarea><\/label><input type=\"hidden\" id=\"ak_js_1\" name=\"_wpcf7_ak_js\" value=\"62\"\/><script>document.getElementById( \"ak_js_1\" ).setAttribute( \"value\", ( new Date() ).getTime() );<\/script><\/p><div class=\"wpcf7-response-output\" aria-hidden=\"true\"><\/div>\n<\/form>\n<\/div>\n\n<p>Les annonces sont automatiquement envoy\u00e9es \u00e0 nos adh\u00e9rents. Il n&rsquo;y a pas de mise en ligne sur nos sites des annonces de pi\u00e8ces.<\/p>\n","protected":false},"excerpt":{"rendered":"\n<p role=\"status\" aria-live=\"polite\" aria-atomic=\"true\">\n<p>Les champs avec une * sont \u00e0 remplir obigatoirement. <\/p>\n<p>*Votre nom \/ pr\u00e9nom : <\/p>\n<p>*Votre email : <\/p>\n<p> Ville : <\/p>\n<p>*Code postal : <\/p>\n<p>*T\u00e9l\u00e9phone : <\/p>\n<p>Descriptif de la pi\u00e8ce : <\/p>\n<\/p>\n<p>*Prix de vente : <\/p>\n<p>Photo de la pi\u00e8ce: <\/p>\n<p align=\"center\">\n<p style=\"display: none !important;\" class=\"akismet-fields-container\" data-prefix=\"_wpcf7_ak_\">&#916;document.getElementById( \u00ab\u00a0ak_js_2\u00a0\u00bb ).setAttribute( \u00ab\u00a0value\u00a0\u00bb, ( new Date() ).getTime() );<\/p>\n<p>Les annonces sont automatiquement envoy\u00e9es \u00e0 nos adh\u00e9rents. Il n&rsquo;y a pas de mise en ligne sur nos sites des annonces de pi\u00e8ces.<\/p>\n","protected":false},"author":1,"featured_media":0,"parent":3057,"menu_order":30,"comment_status":"closed","ping_status":"closed","template":"","meta":{"om_disable_all_campaigns":false,"_monsterinsights_skip_tracking":false,"_monsterinsights_sitenote_active":false,"_monsterinsights_sitenote_note":"","_monsterinsights_sitenote_category":0,"ngg_post_thumbnail":0,"footnotes":""},"class_list":["post-2065","page","type-page","status-publish","hentry","odd"],"aioseo_notices":[],"_links":{"self":[{"href":"https:\/\/www.w124.org\/sitepublic\/index.php?rest_route=\/wp\/v2\/pages\/2065","targetHints":{"allow":["GET"]}}],"collection":[{"href":"https:\/\/www.w124.org\/sitepublic\/index.php?rest_route=\/wp\/v2\/pages"}],"about":[{"href":"https:\/\/www.w124.org\/sitepublic\/index.php?rest_route=\/wp\/v2\/types\/page"}],"author":[{"embeddable":true,"href":"https:\/\/www.w124.org\/sitepublic\/index.php?rest_route=\/wp\/v2\/users\/1"}],"replies":[{"embeddable":true,"href":"https:\/\/www.w124.org\/sitepublic\/index.php?rest_route=%2Fwp%2Fv2%2Fcomments&post=2065"}],"version-history":[{"count":4,"href":"https:\/\/www.w124.org\/sitepublic\/index.php?rest_route=\/wp\/v2\/pages\/2065\/revisions"}],"predecessor-version":[{"id":3060,"href":"https:\/\/www.w124.org\/sitepublic\/index.php?rest_route=\/wp\/v2\/pages\/2065\/revisions\/3060"}],"up":[{"embeddable":true,"href":"https:\/\/www.w124.org\/sitepublic\/index.php?rest_route=\/wp\/v2\/pages\/3057"}],"wp:attachment":[{"href":"https:\/\/www.w124.org\/sitepublic\/index.php?rest_route=%2Fwp%2Fv2%2Fmedia&parent=2065"}],"curies":[{"name":"wp","href":"https:\/\/api.w.org\/{rel}","templated":true}]}}