{"id":2741,"date":"2014-07-06T12:24:29","date_gmt":"2014-07-06T10:24:29","guid":{"rendered":"http:\/\/www.w124.org\/sitepublic\/?page_id=2741"},"modified":"2024-05-12T18:02:16","modified_gmt":"2024-05-12T16:02:16","slug":"expositions","status":"publish","type":"page","link":"https:\/\/www.w124.org\/sitepublic\/?page_id=2741","title":{"rendered":"Expositions"},"content":{"rendered":"<p style=\"text-align: justify;\">Depuis 2011, l&rsquo;Amicale participe r\u00e9guli\u00e8rement \u00e0 des expositions ouvertes au public. C&rsquo;est le cas notamment lors du <a href=\"http:\/\/www.automedon.fr\/\" target=\"_blank\" rel=\"noopener noreferrer\">salon Autom\u00e9don<\/a> qui se d\u00e9roule mi octobre au parc des expositions du Bourget (93) en \u00eele de France. Durant 2 jours un v\u00e9hicule du club y est pr\u00e9sent\u00e9 sur un stand de 32m<sup>2<\/sup>. L&rsquo;\u00e9quipe dirigeante du club anime en permanence le stand o\u00f9 il est possible d&rsquo;adh\u00e9rer. Une maquette de 124 y est \u00e9galement montr\u00e9e (train roulant, BVA etc.). Elle est r\u00e9alis\u00e9e en grande partie par des membres du club. L&rsquo;ambiance sur le stand est toujours chaleureuse et conviviale, n&rsquo;h\u00e9sitez pas \u00e0 venir nous rencontrer \u00e0 cette occasion.<\/p>\n<p style=\"text-align: center;\">Voir nos participation au salon Autom\u00e9don : <a href=\"\/forum\/showthread.php?t=6557\" target=\"_blank\" rel=\"noopener noreferrer\">cliquer ici<\/a><\/p>\n<table class=\"tabcenter\" style=\"width: 55.7415%; height: 500px;\">\n<tbody>\n<tr>\n<td style=\"width: 49.6136%;\"><a href=\"\/sitepublic\/wp-content\/uploads\/2019\/10\/IMG_3168.jpg\"><img class=\"alignnone size-medium wp-image-4403 lws-optimize-lazyload\"  alt=\"\" width=\"300\" height=\"169\" data-src=\"\/sitepublic\/wp-content\/uploads\/2019\/10\/IMG_3168-300x200.jpg\"><\/a><\/td>\n<td style=\"width: 49.1499%;\"><a href=\"\/sitepublic\/wp-content\/uploads\/2019\/10\/P_20191012_090039.jpg\"><img class=\"alignnone size-medium wp-image-4401 lws-optimize-lazyload\"  alt=\"\" width=\"300\" height=\"169\" data-src=\"\/sitepublic\/wp-content\/uploads\/2019\/10\/P_20191012_090039-300x169.jpg\" srcset=\"https:\/\/www.w124.org\/sitepublic\/wp-content\/uploads\/2019\/10\/P_20191012_090039-300x169.jpg 300w, https:\/\/www.w124.org\/sitepublic\/wp-content\/uploads\/2019\/10\/P_20191012_090039-250x141.jpg 250w, https:\/\/www.w124.org\/sitepublic\/wp-content\/uploads\/2019\/10\/P_20191012_090039-600x338.jpg 600w, https:\/\/www.w124.org\/sitepublic\/wp-content\/uploads\/2019\/10\/P_20191012_090039-768x432.jpg 768w, https:\/\/www.w124.org\/sitepublic\/wp-content\/uploads\/2019\/10\/P_20191012_090039-150x84.jpg 150w, https:\/\/www.w124.org\/sitepublic\/wp-content\/uploads\/2019\/10\/P_20191012_090039-400x225.jpg 400w, https:\/\/www.w124.org\/sitepublic\/wp-content\/uploads\/2019\/10\/P_20191012_090039.jpg 800w\" sizes=\"(max-width: 300px) 100vw, 300px\" \/><\/a><\/td>\n<\/tr>\n<tr>\n<td style=\"width: 49.6136%; text-align: center;\">2019<\/td>\n<td style=\"width: 49.1499%; text-align: center;\">320TE<\/td>\n<\/tr>\n<tr>\n<td style=\"width: 49.6136%; text-align: center;\"><a href=\"\/sitepublic\/wp-content\/uploads\/2018\/10\/DSCN2175.jpg\"><img class=\"aligncenter size-medium wp-image-4241 lws-optimize-lazyload\"  alt=\"\" width=\"300\" height=\"168\" data-src=\"\/sitepublic\/wp-content\/uploads\/2018\/10\/DSCN2175-300x225.jpg\"><\/a><\/td>\n<td style=\"width: 49.1499%; text-align: center;\"><a href=\"\/sitepublic\/wp-content\/uploads\/2018\/10\/PHOTO-2018-10-13-10-55-03.jpg\"><img class=\"aligncenter size-medium wp-image-4242 lws-optimize-lazyload\"  alt=\"\" width=\"300\" height=\"169\" data-src=\"\/sitepublic\/wp-content\/uploads\/2018\/10\/PHOTO-2018-10-13-10-55-03-300x169.jpg\" srcset=\"https:\/\/www.w124.org\/sitepublic\/wp-content\/uploads\/2018\/10\/PHOTO-2018-10-13-10-55-03-300x169.jpg 300w, https:\/\/www.w124.org\/sitepublic\/wp-content\/uploads\/2018\/10\/PHOTO-2018-10-13-10-55-03-250x141.jpg 250w, https:\/\/www.w124.org\/sitepublic\/wp-content\/uploads\/2018\/10\/PHOTO-2018-10-13-10-55-03-600x338.jpg 600w, https:\/\/www.w124.org\/sitepublic\/wp-content\/uploads\/2018\/10\/PHOTO-2018-10-13-10-55-03-768x432.jpg 768w, https:\/\/www.w124.org\/sitepublic\/wp-content\/uploads\/2018\/10\/PHOTO-2018-10-13-10-55-03-150x84.jpg 150w, https:\/\/www.w124.org\/sitepublic\/wp-content\/uploads\/2018\/10\/PHOTO-2018-10-13-10-55-03-400x225.jpg 400w, https:\/\/www.w124.org\/sitepublic\/wp-content\/uploads\/2018\/10\/PHOTO-2018-10-13-10-55-03.jpg 800w\" sizes=\"(max-width: 300px) 100vw, 300px\" \/><\/a><\/td>\n<\/tr>\n<tr>\n<td style=\"width: 49.6136%; text-align: center;\">2018<\/td>\n<td style=\"width: 49.1499%; text-align: center;\">E320 Coup\u00e9<\/td>\n<\/tr>\n<tr>\n<td style=\"width: 49.6136%; text-align: center;\"><a href=\"\/sitepublic\/wp-content\/uploads\/2014\/07\/stand2016_2.jpg\"><img class=\"aligncenter wp-image-3738 size-medium lws-optimize-lazyload\"  alt=\"stand2016_2\" width=\"300\" height=\"200\" data-src=\"\/sitepublic\/wp-content\/uploads\/2014\/07\/stand2016_2-300x225.jpg\"><\/a><\/td>\n<td style=\"width: 49.1499%; text-align: center;\"><a href=\"\/sitepublic\/wp-content\/uploads\/2014\/07\/mms_img-4673213541-900-x-506.jpg\"><img class=\"aligncenter wp-image-3739 size-medium lws-optimize-lazyload\"  alt=\"mms_img-4673213541-900-x-506\" width=\"300\" height=\"200\" data-src=\"\/sitepublic\/wp-content\/uploads\/2014\/07\/mms_img-4673213541-900-x-506-300x169.jpg\"><\/a><\/td>\n<\/tr>\n<tr>\n<td style=\"width: 49.6136%; text-align: center;\">2016<\/td>\n<td style=\"width: 49.1499%; text-align: center;\">300TD Turbo<\/td>\n<\/tr>\n<tr>\n<td style=\"width: 49.6136%; text-align: center;\"><a href=\"\/sitepublic\/wp-content\/uploads\/2014\/07\/20141018_113803-Copie.jpg\"><img class=\"aligncenter wp-image-3692 size-medium lws-optimize-lazyload\"  alt=\"20141018_113803-copie\" width=\"300\" height=\"200\" data-src=\"\/sitepublic\/wp-content\/uploads\/2014\/07\/20141018_113803-Copie-300x181.jpg\"><\/a><\/td>\n<td style=\"width: 49.1499%; text-align: center;\"><a href=\"\/sitepublic\/wp-content\/uploads\/2014\/07\/visiteurs.jpg\"><img class=\"aligncenter wp-image-3691 size-medium lws-optimize-lazyload\"  alt=\"visiteurs\" width=\"300\" height=\"200\" data-src=\"\/sitepublic\/wp-content\/uploads\/2014\/07\/visiteurs-300x199.jpg\" srcset=\"https:\/\/www.w124.org\/sitepublic\/wp-content\/uploads\/2014\/07\/visiteurs-300x199.jpg 300w, https:\/\/www.w124.org\/sitepublic\/wp-content\/uploads\/2014\/07\/visiteurs-250x166.jpg 250w, https:\/\/www.w124.org\/sitepublic\/wp-content\/uploads\/2014\/07\/visiteurs-600x398.jpg 600w, https:\/\/www.w124.org\/sitepublic\/wp-content\/uploads\/2014\/07\/visiteurs-768x510.jpg 768w, https:\/\/www.w124.org\/sitepublic\/wp-content\/uploads\/2014\/07\/visiteurs-150x100.jpg 150w, https:\/\/www.w124.org\/sitepublic\/wp-content\/uploads\/2014\/07\/visiteurs-400x266.jpg 400w, https:\/\/www.w124.org\/sitepublic\/wp-content\/uploads\/2014\/07\/visiteurs.jpg 800w\" sizes=\"(max-width: 300px) 100vw, 300px\" \/><\/a><\/td>\n<\/tr>\n<tr>\n<td style=\"width: 49.6136%; text-align: center;\">2015 &#8211; 500E<\/td>\n<td style=\"width: 49.1499%; text-align: center;\">Ambiance sur notre stand<\/td>\n<\/tr>\n<tr>\n<td style=\"width: 49.6136%; text-align: center;\"><a href=\"\/sitepublic\/wp-content\/uploads\/2014\/07\/DSC_5275.jpg\"><img class=\"aligncenter wp-image-3689 size-medium lws-optimize-lazyload\"  alt=\"dsc_5275\" width=\"300\" height=\"200\" data-src=\"\/sitepublic\/wp-content\/uploads\/2014\/07\/DSC_5275-300x199.jpg\" srcset=\"https:\/\/www.w124.org\/sitepublic\/wp-content\/uploads\/2014\/07\/DSC_5275-300x199.jpg 300w, https:\/\/www.w124.org\/sitepublic\/wp-content\/uploads\/2014\/07\/DSC_5275-250x166.jpg 250w, https:\/\/www.w124.org\/sitepublic\/wp-content\/uploads\/2014\/07\/DSC_5275-600x398.jpg 600w, https:\/\/www.w124.org\/sitepublic\/wp-content\/uploads\/2014\/07\/DSC_5275-768x510.jpg 768w, https:\/\/www.w124.org\/sitepublic\/wp-content\/uploads\/2014\/07\/DSC_5275-150x100.jpg 150w, https:\/\/www.w124.org\/sitepublic\/wp-content\/uploads\/2014\/07\/DSC_5275-400x266.jpg 400w, https:\/\/www.w124.org\/sitepublic\/wp-content\/uploads\/2014\/07\/DSC_5275.jpg 800w\" sizes=\"(max-width: 300px) 100vw, 300px\" \/><\/a><\/td>\n<td style=\"width: 49.1499%; text-align: center;\"><a href=\"\/sitepublic\/wp-content\/uploads\/2014\/07\/IMG_3159.jpg\"><img class=\"aligncenter wp-image-3690 size-medium lws-optimize-lazyload\"  alt=\"img_3159\" width=\"300\" height=\"200\" data-src=\"\/sitepublic\/wp-content\/uploads\/2014\/07\/IMG_3159-300x225.jpg\"><\/a><\/td>\n<\/tr>\n<tr>\n<td style=\"width: 49.6136%; text-align: center;\">Stand 2014 &#8211; E200 Cabriolet prestige<\/td>\n<td style=\"width: 49.1499%; text-align: center;\">Ambiance sur notre stand<\/td>\n<\/tr>\n<tr>\n<td style=\"width: 49.6136%; text-align: center;\"><a href=\"\/sitepublic\/wp-content\/uploads\/2014\/07\/stand2013.jpg\"><img class=\"size-medium wp-image-2744 lws-optimize-lazyload\"  alt=\"Stand 2013 - E320 Coup\u00e9 Sportline\" width=\"300\" height=\"200\" data-src=\"\/sitepublic\/wp-content\/uploads\/2014\/07\/stand2013-300x199.jpg\" srcset=\"https:\/\/www.w124.org\/sitepublic\/wp-content\/uploads\/2014\/07\/stand2013-300x199.jpg 300w, https:\/\/www.w124.org\/sitepublic\/wp-content\/uploads\/2014\/07\/stand2013-250x166.jpg 250w, https:\/\/www.w124.org\/sitepublic\/wp-content\/uploads\/2014\/07\/stand2013-600x399.jpg 600w, https:\/\/www.w124.org\/sitepublic\/wp-content\/uploads\/2014\/07\/stand2013-150x99.jpg 150w, https:\/\/www.w124.org\/sitepublic\/wp-content\/uploads\/2014\/07\/stand2013-400x266.jpg 400w, https:\/\/www.w124.org\/sitepublic\/wp-content\/uploads\/2014\/07\/stand2013.jpg 800w\" sizes=\"(max-width: 300px) 100vw, 300px\" \/><\/a><\/td>\n<td style=\"width: 49.1499%; text-align: center;\"><a href=\"\/sitepublic\/wp-content\/uploads\/2014\/07\/ambiance.jpg\"><img class=\"size-medium wp-image-2748 lws-optimize-lazyload\"  alt=\"Ambiance sur notre stand\" width=\"300\" height=\"200\" data-src=\"\/sitepublic\/wp-content\/uploads\/2014\/07\/ambiance-300x168.jpg\"><\/a><\/td>\n<\/tr>\n<tr>\n<td style=\"width: 49.6136%; text-align: center;\">Stand 2013 &#8211; E320 Coup\u00e9 Sportline<\/td>\n<td style=\"width: 49.1499%; text-align: center;\">Ambiance sur notre stand<\/td>\n<\/tr>\n<tr>\n<td style=\"width: 49.6136%; text-align: center;\"><a href=\"\/sitepublic\/wp-content\/uploads\/2014\/07\/stand2012.jpg\"><img class=\"size-medium wp-image-2745 lws-optimize-lazyload\"  alt=\"Stand 2012 Cabriolet E200\" width=\"300\" height=\"200\" data-src=\"\/sitepublic\/wp-content\/uploads\/2014\/07\/stand2012-300x199.jpg\" srcset=\"https:\/\/www.w124.org\/sitepublic\/wp-content\/uploads\/2014\/07\/stand2012-300x199.jpg 300w, https:\/\/www.w124.org\/sitepublic\/wp-content\/uploads\/2014\/07\/stand2012-250x166.jpg 250w, https:\/\/www.w124.org\/sitepublic\/wp-content\/uploads\/2014\/07\/stand2012-600x398.jpg 600w, https:\/\/www.w124.org\/sitepublic\/wp-content\/uploads\/2014\/07\/stand2012-150x99.jpg 150w, https:\/\/www.w124.org\/sitepublic\/wp-content\/uploads\/2014\/07\/stand2012-400x265.jpg 400w, https:\/\/www.w124.org\/sitepublic\/wp-content\/uploads\/2014\/07\/stand2012.jpg 800w\" sizes=\"(max-width: 300px) 100vw, 300px\" \/><\/a><\/td>\n<td style=\"width: 49.1499%; text-align: center;\"><a href=\"\/sitepublic\/wp-content\/uploads\/2014\/07\/maquette2012.jpg\"><img class=\"size-medium wp-image-2747 lws-optimize-lazyload\"  alt=\"R\u00e9alisation Pierrick\" width=\"300\" height=\"200\" data-src=\"\/sitepublic\/wp-content\/uploads\/2014\/07\/maquette2012-300x225.jpg\"><\/a><\/td>\n<\/tr>\n<tr>\n<td style=\"width: 49.6136%; text-align: center;\">Stand 2012 Cabriolet E200<\/td>\n<td style=\"width: 49.1499%; text-align: center;\">\u00c9clat\u00e9 de BVA-4&nbsp; r\u00e9alisation Pierrick<\/td>\n<\/tr>\n<tr>\n<td style=\"width: 49.6136%;\"><a href=\"\/sitepublic\/wp-content\/uploads\/2014\/07\/2011stand.jpg\"><img class=\"size-medium wp-image-2746 lws-optimize-lazyload\"  alt=\"Stand 2011 - 300CE-24\" width=\"300\" height=\"200\" data-src=\"\/sitepublic\/wp-content\/uploads\/2014\/07\/2011stand-300x199.jpg\" srcset=\"https:\/\/www.w124.org\/sitepublic\/wp-content\/uploads\/2014\/07\/2011stand-300x199.jpg 300w, https:\/\/www.w124.org\/sitepublic\/wp-content\/uploads\/2014\/07\/2011stand-250x166.jpg 250w, https:\/\/www.w124.org\/sitepublic\/wp-content\/uploads\/2014\/07\/2011stand-600x398.jpg 600w, https:\/\/www.w124.org\/sitepublic\/wp-content\/uploads\/2014\/07\/2011stand-150x99.jpg 150w, https:\/\/www.w124.org\/sitepublic\/wp-content\/uploads\/2014\/07\/2011stand-400x265.jpg 400w, https:\/\/www.w124.org\/sitepublic\/wp-content\/uploads\/2014\/07\/2011stand.jpg 800w\" sizes=\"(max-width: 300px) 100vw, 300px\" \/><\/a><\/td>\n<td style=\"width: 49.1499%;\"><a href=\"\/sitepublic\/wp-content\/uploads\/2014\/07\/maquette2011.jpg\"><img class=\"size-medium wp-image-2743 lws-optimize-lazyload\"  alt=\"R\u00e9alisation Patrice\" width=\"300\" height=\"200\" data-src=\"\/sitepublic\/wp-content\/uploads\/2014\/07\/maquette2011-300x168.jpg\"><\/a><\/td>\n<\/tr>\n<tr>\n<td style=\"width: 49.6136%;\">\n<div class=\"mceTemp\">&nbsp;<\/div>\n<p style=\"text-align: center;\">Stand 2011 &#8211; 300CE-24<\/p>\n<\/td>\n<td style=\"width: 49.1499%;\">\n<div class=\"mceTemp\">&nbsp;<\/div>\n<p style=\"text-align: center;\">\u00c9clat\u00e9 de 1\/2 train arri\u00e8re R\u00e9alisation Patrice<\/p>\n<\/td>\n<\/tr>\n<\/tbody>\n<\/table>\n<p>Nous avons \u00e9galement \u00e9t\u00e9 pr\u00e9sents, depuis sa cr\u00e9ation en 2012, \u00e0 l&rsquo;op\u00e9ration \u00ab\u00a0portes-ouvertes\u00a0\u00bb Mercedes-Benz Passion au centre technique de Mercedes-Benz \u00e0 Stains (93).<\/p>\n<table style=\"height: 52px;\" width=\"359\">\n<tbody>\n<tr>\n<td><a href=\"\/sitepublic\/wp-content\/uploads\/2014\/07\/STAINS2012-2.jpg\"><img class=\"aligncenter size-medium wp-image-2763 lws-optimize-lazyload\"  alt=\"STAINS2012-2\" width=\"300\" height=\"200\" data-src=\"\/sitepublic\/wp-content\/uploads\/2014\/07\/STAINS2012-2-300x225.jpg\"><\/a><\/td>\n<td><a href=\"\/sitepublic\/wp-content\/uploads\/2014\/07\/STAINS2012.jpg\"><img class=\"aligncenter wp-image-2764 size-medium lws-optimize-lazyload\"  alt=\"STAINS2012\" width=\"300\" height=\"200\" data-src=\"\/sitepublic\/wp-content\/uploads\/2014\/07\/STAINS2012-300x200.jpg\" srcset=\"https:\/\/www.w124.org\/sitepublic\/wp-content\/uploads\/2014\/07\/STAINS2012-300x200.jpg 300w, https:\/\/www.w124.org\/sitepublic\/wp-content\/uploads\/2014\/07\/STAINS2012-250x167.jpg 250w, https:\/\/www.w124.org\/sitepublic\/wp-content\/uploads\/2014\/07\/STAINS2012-600x401.jpg 600w, https:\/\/www.w124.org\/sitepublic\/wp-content\/uploads\/2014\/07\/STAINS2012-150x100.jpg 150w, https:\/\/www.w124.org\/sitepublic\/wp-content\/uploads\/2014\/07\/STAINS2012-400x267.jpg 400w, https:\/\/www.w124.org\/sitepublic\/wp-content\/uploads\/2014\/07\/STAINS2012.jpg 800w\" sizes=\"(max-width: 300px) 100vw, 300px\" \/><\/a><\/td>\n<\/tr>\n<tr>\n<td><a href=\"\/sitepublic\/wp-content\/uploads\/2014\/07\/STAINS.jpg\"><img class=\"aligncenter wp-image-2765 size-medium lws-optimize-lazyload\"  alt=\"STAINS\" width=\"300\" height=\"200\" data-src=\"\/sitepublic\/wp-content\/uploads\/2014\/07\/STAINS-300x225.jpg\"><\/a><\/td>\n<td><a href=\"\/sitepublic\/wp-content\/uploads\/2014\/07\/stains2013-2.jpg\"><img class=\"aligncenter size-medium wp-image-2766 lws-optimize-lazyload\"  alt=\"stains2013-2\" width=\"300\" height=\"200\" data-src=\"\/sitepublic\/wp-content\/uploads\/2014\/07\/stains2013-2-300x199.jpg\" srcset=\"https:\/\/www.w124.org\/sitepublic\/wp-content\/uploads\/2014\/07\/stains2013-2-300x199.jpg 300w, https:\/\/www.w124.org\/sitepublic\/wp-content\/uploads\/2014\/07\/stains2013-2-250x166.jpg 250w, https:\/\/www.w124.org\/sitepublic\/wp-content\/uploads\/2014\/07\/stains2013-2-600x399.jpg 600w, https:\/\/www.w124.org\/sitepublic\/wp-content\/uploads\/2014\/07\/stains2013-2-150x99.jpg 150w, https:\/\/www.w124.org\/sitepublic\/wp-content\/uploads\/2014\/07\/stains2013-2-400x266.jpg 400w, https:\/\/www.w124.org\/sitepublic\/wp-content\/uploads\/2014\/07\/stains2013-2.jpg 800w\" sizes=\"(max-width: 300px) 100vw, 300px\" \/><\/a><\/td>\n<\/tr>\n<\/tbody>\n<\/table>\n<p>Exposition \u00e0 la jardinerie Laplace \u00e0 Chelles (77) comme ici en 2013 :<\/p>\n<table>\n<tbody>\n<tr>\n<td><a href=\"\/sitepublic\/wp-content\/uploads\/2014\/07\/LAPLACE2013.jpg\"><img class=\"alignleft wp-image-2762 size-medium lws-optimize-lazyload\"  alt=\"LAPLACE2013\" width=\"300\" height=\"200\" data-src=\"\/sitepublic\/wp-content\/uploads\/2014\/07\/LAPLACE2013-300x200.jpg\" srcset=\"https:\/\/www.w124.org\/sitepublic\/wp-content\/uploads\/2014\/07\/LAPLACE2013-300x200.jpg 300w, https:\/\/www.w124.org\/sitepublic\/wp-content\/uploads\/2014\/07\/LAPLACE2013-250x167.jpg 250w, https:\/\/www.w124.org\/sitepublic\/wp-content\/uploads\/2014\/07\/LAPLACE2013-600x401.jpg 600w, https:\/\/www.w124.org\/sitepublic\/wp-content\/uploads\/2014\/07\/LAPLACE2013-150x100.jpg 150w, https:\/\/www.w124.org\/sitepublic\/wp-content\/uploads\/2014\/07\/LAPLACE2013-400x267.jpg 400w, https:\/\/www.w124.org\/sitepublic\/wp-content\/uploads\/2014\/07\/LAPLACE2013.jpg 800w\" sizes=\"(max-width: 300px) 100vw, 300px\" \/><\/a><\/td>\n<\/tr>\n<\/tbody>\n<\/table>\n<p>En 2015 lors de la 20\u00e8me concentration de voitures anciennes de l&rsquo;<a href=\"http:\/\/www.associationgarage.eu\/\" target=\"_blank\" rel=\"noopener noreferrer\">association Gar&rsquo;Age<\/a> \u00e0 Villers-Cotter\u00eats :<\/p>\n<table>\n<tbody>\n<tr>\n<td><a href=\"\/sitepublic\/wp-content\/uploads\/2014\/07\/gar_age.jpg\"><img class=\"aligncenter size-medium wp-image-3422 lws-optimize-lazyload\"  alt=\"gar_age\" width=\"300\" height=\"200\" data-src=\"\/sitepublic\/wp-content\/uploads\/2014\/07\/gar_age-300x200.jpg\" srcset=\"https:\/\/www.w124.org\/sitepublic\/wp-content\/uploads\/2014\/07\/gar_age-300x200.jpg 300w, https:\/\/www.w124.org\/sitepublic\/wp-content\/uploads\/2014\/07\/gar_age-250x167.jpg 250w, https:\/\/www.w124.org\/sitepublic\/wp-content\/uploads\/2014\/07\/gar_age-600x400.jpg 600w, https:\/\/www.w124.org\/sitepublic\/wp-content\/uploads\/2014\/07\/gar_age-150x100.jpg 150w, https:\/\/www.w124.org\/sitepublic\/wp-content\/uploads\/2014\/07\/gar_age-400x267.jpg 400w, https:\/\/www.w124.org\/sitepublic\/wp-content\/uploads\/2014\/07\/gar_age.jpg 800w\" sizes=\"(max-width: 300px) 100vw, 300px\" \/><\/a><\/td>\n<\/tr>\n<\/tbody>\n<\/table>\n<p>En 2015 lors du 1<sup>er<\/sup> festival Mercedes by Etoiles Passion \u00e0 Montlh\u00e9ry :<\/p>\n<table>\n<tbody>\n<tr>\n<td><a href=\"\/sitepublic\/wp-content\/uploads\/2014\/07\/1erfestival.jpg\"><img class=\"aligncenter wp-image-3603 size-medium lws-optimize-lazyload\"  alt=\"1erfestival\" width=\"300\" height=\"200\" data-src=\"\/sitepublic\/wp-content\/uploads\/2014\/07\/1erfestival-300x200.jpg\" srcset=\"https:\/\/www.w124.org\/sitepublic\/wp-content\/uploads\/2014\/07\/1erfestival-300x200.jpg 300w, https:\/\/www.w124.org\/sitepublic\/wp-content\/uploads\/2014\/07\/1erfestival-250x166.jpg 250w, https:\/\/www.w124.org\/sitepublic\/wp-content\/uploads\/2014\/07\/1erfestival-600x399.jpg 600w, https:\/\/www.w124.org\/sitepublic\/wp-content\/uploads\/2014\/07\/1erfestival-768x511.jpg 768w, https:\/\/www.w124.org\/sitepublic\/wp-content\/uploads\/2014\/07\/1erfestival-150x100.jpg 150w, https:\/\/www.w124.org\/sitepublic\/wp-content\/uploads\/2014\/07\/1erfestival-400x266.jpg 400w, https:\/\/www.w124.org\/sitepublic\/wp-content\/uploads\/2014\/07\/1erfestival.jpg 800w\" sizes=\"(max-width: 300px) 100vw, 300px\" \/><\/a><\/td>\n<\/tr>\n<\/tbody>\n<\/table>\n<p>En 2016 lors du <sup>2\u00e8me<\/sup> festival Mercedes by Etoiles Passion \u00e0 Paris :<\/p>\n<table>\n<tbody>\n<tr>\n<td><a href=\"\/sitepublic\/wp-content\/uploads\/2014\/07\/IMG_3395.jpg\"><img class=\"aligncenter wp-image-3670 size-medium lws-optimize-lazyload\"  alt=\"img_3395\" width=\"300\" height=\"200\" data-src=\"\/sitepublic\/wp-content\/uploads\/2014\/07\/IMG_3395-300x225.jpg\"><\/a><\/td>\n<\/tr>\n<\/tbody>\n<\/table>\n<p>Participation r\u00e9guli\u00e8re \u00e0 la concentration de la base sous marine de Bordeaux :<\/p>\n<table>\n<tbody>\n<tr>\n<td><a href=\"\/sitepublic\/wp-content\/uploads\/2014\/07\/DSC02397.jpg\"><img class=\"aligncenter wp-image-3672 size-medium lws-optimize-lazyload\"  alt=\"dsc02397\" width=\"300\" height=\"200\" data-src=\"\/sitepublic\/wp-content\/uploads\/2014\/07\/DSC02397-300x225.jpg\"><\/a><\/td>\n<\/tr>\n<\/tbody>\n<\/table>\n","protected":false},"excerpt":{"rendered":"<p style=\"text-align: justify;\">Depuis 2011, l&rsquo;Amicale participe r\u00e9guli\u00e8rement \u00e0 des expositions ouvertes au public. C&rsquo;est le cas notamment lors du salon Autom\u00e9don qui se d\u00e9roule mi octobre au parc des expositions du Bourget (93) en \u00eele de France. Durant 2 jours un v\u00e9hicule du club y est pr\u00e9sent\u00e9 sur un stand de 32m2. L&rsquo;\u00e9quipe dirigeante du <span style=\"color:#777\"> . . . &rarr; Lire tout l&rsquo;article: <a href=\"https:\/\/www.w124.org\/sitepublic\/?page_id=2741\">Expositions<\/a><\/span><\/p>\n","protected":false},"author":1,"featured_media":0,"parent":3658,"menu_order":20,"comment_status":"closed","ping_status":"closed","template":"","meta":{"om_disable_all_campaigns":false,"_monsterinsights_skip_tracking":false,"_monsterinsights_sitenote_active":false,"_monsterinsights_sitenote_note":"","_monsterinsights_sitenote_category":0,"ngg_post_thumbnail":0,"footnotes":""},"class_list":["post-2741","page","type-page","status-publish","hentry","odd"],"aioseo_notices":[],"_links":{"self":[{"href":"https:\/\/www.w124.org\/sitepublic\/index.php?rest_route=\/wp\/v2\/pages\/2741","targetHints":{"allow":["GET"]}}],"collection":[{"href":"https:\/\/www.w124.org\/sitepublic\/index.php?rest_route=\/wp\/v2\/pages"}],"about":[{"href":"https:\/\/www.w124.org\/sitepublic\/index.php?rest_route=\/wp\/v2\/types\/page"}],"author":[{"embeddable":true,"href":"https:\/\/www.w124.org\/sitepublic\/index.php?rest_route=\/wp\/v2\/users\/1"}],"replies":[{"embeddable":true,"href":"https:\/\/www.w124.org\/sitepublic\/index.php?rest_route=%2Fwp%2Fv2%2Fcomments&post=2741"}],"version-history":[{"count":56,"href":"https:\/\/www.w124.org\/sitepublic\/index.php?rest_route=\/wp\/v2\/pages\/2741\/revisions"}],"predecessor-version":[{"id":9355,"href":"https:\/\/www.w124.org\/sitepublic\/index.php?rest_route=\/wp\/v2\/pages\/2741\/revisions\/9355"}],"up":[{"embeddable":true,"href":"https:\/\/www.w124.org\/sitepublic\/index.php?rest_route=\/wp\/v2\/pages\/3658"}],"wp:attachment":[{"href":"https:\/\/www.w124.org\/sitepublic\/index.php?rest_route=%2Fwp%2Fv2%2Fmedia&parent=2741"}],"curies":[{"name":"wp","href":"https:\/\/api.w.org\/{rel}","templated":true}]}}