{"id":48,"date":"2010-08-14T13:45:14","date_gmt":"2010-08-14T11:45:14","guid":{"rendered":"http:\/\/www.w124.org\/sitepublic\/blog\/?page_id=48"},"modified":"2024-05-04T14:11:33","modified_gmt":"2024-05-04T12:11:33","slug":"nos-partenaires","status":"publish","type":"page","link":"https:\/\/www.w124.org\/sitepublic\/?page_id=48","title":{"rendered":"Nos partenaires"},"content":{"rendered":"<p style=\"text-align: center;\"><strong>Des avantages exclusifs sont accord\u00e9s \u00e0 nos adh\u00e9rents sur pr\u00e9sentation de leur carte de membre.<\/strong><\/p>\n<table border=\"0\" cellspacing=\"0\" cellpadding=\"0\" align=\"center\">\n<tbody>\n<tr>\n<td rowspan=\"2\" width=\"15%\">\n<div><a href=\"https:\/\/www.mannes.fr\" target=\"_blank\" rel=\"noopener noreferrer\"><img class=\"alignnone wp-image-1403 size-full lws-optimize-lazyload\" title=\"sitemannes\"  alt=\"\" width=\"200\" height=\"153\" data-src=\"https:\/\/www.w124.org\/sitepublic\/wp-content\/uploads\/2010\/08\/sitemannes.jpg\" srcset=\"https:\/\/www.w124.org\/sitepublic\/wp-content\/uploads\/2010\/08\/sitemannes.jpg 200w, https:\/\/www.w124.org\/sitepublic\/wp-content\/uploads\/2010\/08\/sitemannes-150x114.jpg 150w\" sizes=\"(max-width: 200px) 100vw, 200px\" \/><\/a><\/div>\n<\/td>\n<td align=\"center\" valign=\"middle\" width=\"85%\"><strong>MANNESPIECES &#8211; MANNESFRANCE<\/strong><\/td>\n<\/tr>\n<tr>\n<td align=\"left\" valign=\"middle\">\n<div style=\"text-align: justify;\">Depuis 30 ans le N\u00b01 ind\u00e9pendant de la <strong>pi\u00e8ce d\u00e9tach\u00e9e 1\u00e8re monte<\/strong> pour v\u00e9hicules Mercedes. Pour la r\u00e9paration comme pour la vente, c\u2019est la garantie de la <strong>pi\u00e8ce de qualit\u00e9 sp\u00e9cifique <\/strong>, en provenance directe d\u2019Allemagne. Plus de 25 000 r\u00e9f\u00e9rences en stock, avec la <strong>qualit\u00e9 constructeur<\/strong>, la garantie et surtout <strong>des prix imbattables r\u00e9serv\u00e9s \u00e0 nos adh\u00e9rents<\/strong> ! Site internet : <a href=\"https:\/\/www.mannes.fr\" target=\"_blank\" rel=\"noopener noreferrer\">https:\/\/www.mannes.fr<\/a><\/div>\n<\/td>\n<\/tr>\n<\/tbody>\n<\/table>\n<p><a href=\"\/sitepublic\/wp-content\/uploads\/2010\/08\/ZZ2F792444.jpg\"><img class=\" wp-image-1152 aligncenter lws-optimize-lazyload\" title=\"Centre Technique Mercedes-Benz\"  alt=\"\" width=\"630\" height=\"83\" data-src=\"\/sitepublic\/wp-content\/uploads\/2010\/08\/ZZ2F792444.jpg\" srcset=\"https:\/\/www.w124.org\/sitepublic\/wp-content\/uploads\/2010\/08\/ZZ2F792444.jpg 900w, https:\/\/www.w124.org\/sitepublic\/wp-content\/uploads\/2010\/08\/ZZ2F792444-250x33.jpg 250w, https:\/\/www.w124.org\/sitepublic\/wp-content\/uploads\/2010\/08\/ZZ2F792444-600x79.jpg 600w, https:\/\/www.w124.org\/sitepublic\/wp-content\/uploads\/2010\/08\/ZZ2F792444-300x39.jpg 300w, https:\/\/www.w124.org\/sitepublic\/wp-content\/uploads\/2010\/08\/ZZ2F792444-150x19.jpg 150w, https:\/\/www.w124.org\/sitepublic\/wp-content\/uploads\/2010\/08\/ZZ2F792444-400x52.jpg 400w\" sizes=\"(max-width: 630px) 100vw, 630px\" \/><\/a><\/p>\n<table border=\"0\" cellspacing=\"0\" cellpadding=\"0\" align=\"center\">\n<tbody>\n<tr>\n<td rowspan=\"2\" width=\"15%\">\n<div><a href=\"https:\/\/www.paris.mercedes.fr\" target=\"_blank\" rel=\"noopener noreferrer\"><img class=\"alignnone lws-optimize-lazyload\"  alt=\"Visiter le site Mercedes-Benz Paris\" width=\"200\" height=\"133\" border=\"0\" data-src=\"Partenaires\/mbParis\/stains00.jpg\"><\/a><\/div>\n<\/td>\n<td colspan=\"2\" align=\"center\" valign=\"middle\" width=\"85%\"><strong>MERCEDES-BENZ PARIS et son centre technique de Stains (93)<\/strong><\/td>\n<\/tr>\n<tr>\n<td style=\"text-align: justify;\" align=\"left\" valign=\"top\">\n<div><strong><a href=\"https:\/\/www.paris.mercedes.fr\" target=\"_blank\" rel=\"noopener noreferrer\"><em>Mercedes-Benz Paris<\/em><\/a><\/strong> regroupe 13 filiales de Mercedes-Benz France \u00e0 Paris et en r\u00e9gion parisienne.Le Centre Technique Mercedes-Benz situ\u00e9 \u00e0 Stains dispose de toute l&rsquo;expertise Mercedes-Benz pour faire restaurer, r\u00e9parer ou entretenir votre Mercedes-Benz d&rsquo;\u00e9poque conform\u00e9ment \u00e0 l&rsquo;original. Nos adh\u00e9rents, <strong>gr\u00e2ce \u00e0 la carte du club<\/strong>, peuvent y commander l&rsquo;ensemble des pi\u00e8ces d&rsquo;origine Mercedes-Benz Classic \u00e0 des conditions avantageuses.<\/div>\n<\/td>\n<td align=\"left\" valign=\"middle\"><a href=\"https:\/\/www.paris.mercedes.fr\" target=\"_blank\" rel=\"noopener noreferrer\"><img class=\"alignnone lws-optimize-lazyload\"  alt=\"Visiter le site Mercedes-Benz Paris\" width=\"125\" height=\"95\" border=\"0\" data-src=\"Partenaires\/mbParis\/logo.jpg\"><\/a><\/td>\n<\/tr>\n<\/tbody>\n<\/table>\n<p><center><iframe  width=\"425\" height=\"350\" frameborder=\"0\" class=\"lws-optimize-lazyload\" data-src=\"https:\/\/www.youtube.com\/embed\/9BVQpTfuOy0\"><span data-mce-type=\"bookmark\" style=\"display: inline-block; width: 0px; overflow: hidden; line-height: 0;\" class=\"mce_SELRES_start\">\ufeff<\/span><\/iframe><\/center><\/p>\n<table border=\"0\" cellspacing=\"0\" cellpadding=\"0\" align=\"center\">\n<tbody>\n<tr>\n<td colspan=\"3\">\n<div><a href=\"http:\/\/www.mannes.fr\" target=\"_blank\" rel=\"noopener noreferrer\"><img class=\"aligncenter lws-optimize-lazyload\"  alt=\"1\" data-src=\"Partenaires\/mannespieces\/banniereMannes2013.jpg\"><\/a><\/div>\n<\/td>\n<\/tr>\n<tr>\n<td width=\"10%\"><a href=\"https:\/\/www.mannes.fr\/pantin.jpg\" target=\"_blank\" rel=\"noopener noreferrer\"><img class=\"alignnone lws-optimize-lazyload\"  alt=\"1\" width=\"100\" height=\"60\" border=\"0\" data-src=\"Partenaires\/mannespieces\/mannespantin.jpg\"><\/a><\/td>\n<td align=\"center\" valign=\"middle\" width=\"80%\">\n<div style=\"margin-bottom: 0px;\">\n<div><a href=\"https:\/\/www.mannes.fr\/garage-a-pantin-specialiste-mercedes-smart-bmw-vag-mini\/\" target=\"_blank\" rel=\"noopener noreferrer\"><em>Paris Nord Pantin<\/em><\/a><br \/>\n<strong>2, rue Davoust<\/strong> 93500 Pantin (T\u00e9l. 01 48 46 82 82 &#8211; Fax 01 48 46 53 04)<br \/>\nOuvert du lundi au vendredi de 8h30 \u00e0 12h30 et de 14h \u00e0 18h (17h le vendredi)<\/div>\n<\/div>\n<\/td>\n<td width=\"10%\"><a href=\"http:\/\/www.mannes.fr\/agences_fr.php\" target=\"_blank\" rel=\"noopener noreferrer\"><img  alt=\"1\" width=\"100\" height=\"60\" border=\"0\" class=\"lws-optimize-lazyload\" data-src=\"Partenaires\/mannespieces\/mannespantin.jpg\"><\/a><\/td>\n<\/tr>\n<tr>\n<td><a href=\"http:\/\/www.mannes.fr\/ivry.jpg\" target=\"_blank\" rel=\"noopener noreferrer\"><img  alt=\"1\" width=\"100\" height=\"60\" border=\"0\" class=\"lws-optimize-lazyload\" data-src=\"Partenaires\/mannespieces\/mannesivry.jpg\"><\/a><\/td>\n<td align=\"center\" valign=\"middle\" bgcolor=\"#91a2bd\">\n<div><a href=\"https:\/\/www.mannes.fr\/garage-a-ivry-specialiste-mercedes-smart\/\" target=\"_blank\" rel=\"noopener noreferrer\"><em>Paris Sud Ivry<\/em><\/a><br \/>\n<strong> 36 Rue Fran\u00e7ois Mitterrand<\/strong> 94200 Ivry S\/Seine (T\u00e9l 01 46 72 36 36 &#8211; Fax 01 49 60 91 28)<br \/>\nOuvert du lundi au vendredi de 8h30 \u00e0 12h30 et de 14h \u00e0 18h (17h le vendredi)<\/div>\n<\/td>\n<td align=\"center\" valign=\"middle\" bgcolor=\"#91a2bd\"><a href=\"http:\/\/www.mannes.fr\/agences_fr.php\" target=\"_blank\" rel=\"noopener noreferrer\"><img  alt=\"1\" width=\"100\" height=\"60\" border=\"0\" class=\"lws-optimize-lazyload\" data-src=\"Partenaires\/mannespieces\/mannesivry.jpg\"><\/a><\/td>\n<\/tr>\n<tr>\n<td><a href=\"http:\/\/www.mannes.fr\/venissieux.jpg\" target=\"_blank\" rel=\"noopener noreferrer\"><img  alt=\"1\" width=\"100\" height=\"60\" border=\"0\" class=\"lws-optimize-lazyload\" data-src=\"Partenaires\/mannespieces\/manneslyon.jpg\"><\/a><\/td>\n<td align=\"center\" valign=\"middle\" bgcolor=\"#91a2bd\">\n<div>\n<p><a href=\"https:\/\/www.mannes.fr\/garage-a-lyon-specialiste-mercedes-smart-audi-volkswagen-bmw-mini\/\" target=\"_blank\" rel=\"noopener noreferrer\"><em>Lyon V\u00e9nissieux<\/em><\/a><br \/>\n<strong>21 rue George Marrane <\/strong>69200 V\u00e9nissieux (T\u00e9l. 04 78 78 94 94 &#8211; Fax 04 78 01 39 28)<br \/>\nOuvert du lundi au vendredi de 8h \u00e0 12h et de 14h \u00e0 18h (17h le vendredi)<\/p>\n<\/div>\n<\/td>\n<td align=\"center\" valign=\"middle\" bgcolor=\"#91a2bd\"><a href=\"http:\/\/www.mannes.fr\/agences_fr.php\" target=\"_blank\" rel=\"noopener noreferrer\"><img  alt=\"1\" width=\"100\" height=\"60\" border=\"0\" class=\"lws-optimize-lazyload\" data-src=\"Partenaires\/mannespieces\/manneslyon.jpg\"><\/a><\/td>\n<\/tr>\n<tr>\n<td><a href=\"http:\/\/www.mannes.fr\/lormont.jpg\" target=\"_blank\" rel=\"noopener noreferrer\"><img  alt=\"1\" width=\"100\" height=\"60\" border=\"0\" class=\"lws-optimize-lazyload\" data-src=\"Partenaires\/mannespieces\/mannesbordeaux.jpg\"><\/a><\/td>\n<td align=\"center\" valign=\"middle\" bgcolor=\"#91a2bd\">\n<div><a href=\"https:\/\/www.mannes.fr\/garage-a-bordeaux-specialiste-mercedes-smart-audi-volkswagen-bmw-mini\/\" target=\"_blank\" rel=\"noopener noreferrer\"><em>Bordeaux<br \/>\n<\/em><\/a><strong>13 ZA des Tabernottes<\/strong> 33370 Yvrac (T\u00e9l. 05 56 78 14 14 &#8211; Fax 05 56 72 36 35) Ouvert du lundi au vendredi de 8h \u00e0 12h et de 14h \u00e0 18h (17h le vendredi)<\/div>\n<\/td>\n<td align=\"center\" valign=\"middle\" bgcolor=\"#91a2bd\"><a href=\"http:\/\/www.mannes.fr\/agences_fr.php\" target=\"_blank\" rel=\"noopener noreferrer\"><img  alt=\"1\" width=\"100\" height=\"60\" border=\"0\" class=\"lws-optimize-lazyload\" data-src=\"Partenaires\/mannespieces\/mannesbordeaux.jpg\"><\/a><\/td>\n<\/tr>\n<tr>\n<td>&nbsp;<\/td>\n<td align=\"center\" valign=\"middle\" bgcolor=\"#91a2bd\">Autres agences en France : <a href=\"https:\/\/www.mannes.fr\/nos-agences-et-ateliers\/\" target=\"_blank\" rel=\"noopener\">Cliquer pour voir<\/a><\/td>\n<td align=\"center\" valign=\"middle\" bgcolor=\"#91a2bd\">&nbsp;<\/td>\n<\/tr>\n<\/tbody>\n<\/table>\n<table border=\"0\" align=\"center\">\n<tbody>\n<tr>\n<td style=\"text-align: center;\" colspan=\"3\">&nbsp;Des concessions Mercedes-Benz dans l&rsquo;Est de la France au service de nos adh\u00e9rents :<\/td>\n<\/tr>\n<tr>\n<td><a href=\"http:\/\/kroely.mercedes.fr\/\" target=\"_blank\" rel=\"noopener noreferrer\"><img class=\"aligncenter size-full wp-image-2025 lws-optimize-lazyload\"  alt=\"Paul-Kroely\" width=\"510\" height=\"102\" data-src=\"\/sitepublic\/wp-content\/uploads\/2010\/08\/Paul-Kroely.gif\"><\/a><\/td>\n<td>&nbsp;<\/td>\n<td><a href=\"http:\/\/boutique.mercedes.fr\/\" target=\"_blank\" rel=\"noopener noreferrer\"><img class=\"aligncenter size-full wp-image-2026 lws-optimize-lazyload\"  alt=\"Etoile-57\" width=\"392\" height=\"57\" data-src=\"\/sitepublic\/wp-content\/uploads\/2010\/08\/Etoile-57.gif\"><\/a><\/td>\n<\/tr>\n<\/tbody>\n<\/table>\n<table border=\"0\" cellspacing=\"0\" cellpadding=\"0\" align=\"center\">\n<tbody>\n<tr>\n<td bgcolor=\"#ffffff\" width=\"102\"><a href=\"http:\/\/www.eurofac.fr\" target=\"_blank\" rel=\"noopener noreferrer\"><img  alt=\"Site officiel d'Eurofac\" width=\"133\" height=\"62\" border=\"0\" class=\"lws-optimize-lazyload\" data-src=\"Partenaires\/Eurofac\/logo.gif\"><\/a><\/td>\n<td style=\"text-align: justify;\" align=\"left\" valign=\"top\" bgcolor=\"#cccccc\" width=\"770\">Fond\u00e9 en 1977, Eurofac est une PME moderne, dot\u00e9e de locaux spacieux, implant\u00e9e \u00e0 <strong> <a href=\"https:\/\/eurofac.fr\/content\/18-acces-et-localisation\" target=\"_blank\" rel=\"noopener\"><em>Chelles<\/em><\/a> (Seine et Marne 77) <\/strong>, proche de Paris. Eurofac a acquis l\u2019exclusivit\u00e9 depuis 1992, des produits <strong>Bilstein et Eibach<\/strong> et de bien d&rsquo;autres. Une \u00e9quipe de sp\u00e9cialistes est \u00e0 votre disposition pour vous guider parmi leurs meilleures s\u00e9lections.<\/p>\n<p style=\"text-align: center;\">Du mardi au samedi de 9h \u00e0 12h30 et de 14h \u00e0 18h00<\/p>\n<p style=\"text-align: center;\">EUROFAC S.A. &#8211; 21-23 rue Henri Becquerel &#8211; ZA la Tuilerie &#8211; 77645 CHELLES CEDEX<\/p>\n<p style=\"text-align: center;\">T\u00e9l. : 01.64.72.40.60 &#8211; Fax : 01.64.21.41.22<\/p>\n<\/td>\n<td bgcolor=\"#ffffff\" width=\"128\">\n<div><a href=\"http:\/\/www.eurofac.fr\" target=\"_blank\" rel=\"noopener noreferrer\"><img  alt=\"Site officiel d'Eurofac\" width=\"101\" height=\"153\" border=\"0\" class=\"lws-optimize-lazyload\" data-src=\"Partenaires\/Eurofac\/marques.jpg\"><\/a><\/div>\n<\/td>\n<\/tr>\n<\/tbody>\n<\/table>\n<table border=\"0\" cellspacing=\"0\" cellpadding=\"0\" align=\"center\">\n<tbody>\n<tr>\n<td bgcolor=\"#ffffff\" width=\"133\">\n<div><a href=\"http:\/\/www.car-cover-france.com\" target=\"_blank\" rel=\"noopener noreferrer\"><img  alt=\"Site officiel de Car-Cover France\" width=\"133\" height=\"42\" border=\"0\" class=\"lws-optimize-lazyload\" data-src=\"Partenaires\/car-cover\/logo_site.jpg\"><\/a><\/div>\n<\/td>\n<td width=\"701\">\n<div><strong>CAR-COVER<\/strong>, Housses de protection pour voiture, Moto, Quad<\/div>\n<div>\n<p>85 avenue du parc des expositions<br \/>\n33260 LA TESTE DE BUCH<\/p>\n<p>Tel. 05 57 158 158<\/p>\n<\/div>\n<\/td>\n<td width=\"166\"><a href=\"http:\/\/www.car-cover-france.com\" target=\"_blank\" rel=\"noopener noreferrer\"><img  alt=\"Site officiel de Car-Cover\" width=\"200\" height=\"88\" border=\"0\" class=\"lws-optimize-lazyload\" data-src=\"Partenaires\/car-cover\/site.jpg\"><\/a><\/td>\n<\/tr>\n<\/tbody>\n<\/table>\n<table border=\"0\" cellspacing=\"0\" cellpadding=\"0\" align=\"center\">\n<tbody>\n<tr>\n<td bgcolor=\"#ffffff\" width=\"102\"><a href=\"https:\/\/www.opso-distribution.fr\/s\/F8840_sonax\" target=\"_blank\" rel=\"noopener noreferrer\"><img class=\"alignnone wp-image-4611 size-full lws-optimize-lazyload\"  alt=\"\" width=\"150\" height=\"59\" data-src=\"\/sitepublic\/wp-content\/uploads\/2020\/02\/logo_sonaxXL.jpg\"><\/a><\/td>\n<td style=\"text-align: justify;\" align=\"left\" valign=\"middle\" bgcolor=\"#cccccc\" width=\"770\">SONAX&nbsp;est l&rsquo;un des leaders mondiaux de fabrication de <strong>produits de nettoyage, de protection et d&rsquo;entretien automobile<\/strong> avec des cr\u00e9ations efficaces et faciles \u00e0 utiliser.<\/p>\n<p>Ces produits sont tr\u00e8s appr\u00e9ci\u00e9s par les fans de sport motoris\u00e9s \u00e0 travers le monde. Ils permettent de nettoyer le cuir, le plastique, le m\u00e9tal, le caoutchouc mais aussi les syst\u00e8mes de lave-glace, les moteurs, les radiateurs, les plaquettes de freins, les phares, les jantes, les pneus ou encore la peinture de votre v\u00e9hicule.<\/td>\n<td width=\"128\"><a href=\"https:\/\/www.opso-distribution.fr\/s\/F8840_sonax\" target=\"_blank\" rel=\"noopener noreferrer\"><img class=\"alignnone wp-image-4611 size-full lws-optimize-lazyload\"  alt=\"\" width=\"150\" height=\"59\" data-src=\"\/sitepublic\/wp-content\/uploads\/2020\/02\/logo_sonaxXL.jpg\"><\/a><\/td>\n<\/tr>\n<\/tbody>\n<\/table>\n<table border=\"0\" cellspacing=\"0\" cellpadding=\"0\" align=\"center\">\n<tbody>\n<tr>\n<td width=\"27%\"><a href=\"http:\/\/www.autovision.fr\/centre\/780007-c-c-t-a-le-mesnil-le-roi\/\" target=\"_blank\" rel=\"noopener noreferrer\"><img class=\"alignnone lws-optimize-lazyload\"  alt=\"Les centres Autovision\" width=\"271\" height=\"120\" border=\"0\" data-src=\"Partenaires\/Autovision\/autovision.jpg\"><\/a><\/td>\n<td align=\"left\" valign=\"middle\" width=\"54%\">\n<div>Autovision &#8211; Centre agr\u00e9e de Contr\u00f4le Technique 45 r Maurice Berteaux 78600 Le Mesnil le Roi<\/div>\n<div>(Derri\u00e8re la Halle aux Chaussures)<br \/>\n<strong>Tel. 01 39 12 12 74<\/strong> Avec ou sans RDV 8h30 \u00e0 12h30 et 14h \u00e0 19h<br \/>\n(Sp\u00e9cialement \u00e9quip\u00e9 pour les 4&#215;4 et 4matic)<\/div>\n<div><a href=\"http:\/\/www.autovision.fr\/centre\/780007-c-c-t-a-le-mesnil-le-roi\/\" target=\"_blank\" rel=\"noopener noreferrer\">Site internet + RDV<\/a><\/div>\n<\/td>\n<td width=\"19%\"><a href=\"Partenaires\/Autovision\/acces.jpg\" target=\"_blank\" rel=\"noopener noreferrer\"><img  alt=\"Plan d'acc\u00e8s du CCT\" width=\"192\" height=\"120\" border=\"0\" class=\"lws-optimize-lazyload\" data-src=\"Partenaires\/Autovision\/plan.jpg\"><\/a><\/td>\n<\/tr>\n<\/tbody>\n<\/table>\n<p>&nbsp;<\/p>\n","protected":false},"excerpt":{"rendered":"<p style=\"text-align: center;\">Des avantages exclusifs sont accord\u00e9s \u00e0 nos adh\u00e9rents sur pr\u00e9sentation de leur carte de membre.<\/p>\n<p> MANNESPIECES &#8211; MANNESFRANCE Depuis 30 ans le N\u00b01 ind\u00e9pendant de la pi\u00e8ce d\u00e9tach\u00e9e 1\u00e8re monte pour v\u00e9hicules Mercedes. Pour la r\u00e9paration comme pour la vente, c\u2019est la garantie de la pi\u00e8ce de qualit\u00e9 sp\u00e9cifique , en provenance directe <span style=\"color:#777\"> . . . &rarr; Lire tout l&rsquo;article: <a href=\"https:\/\/www.w124.org\/sitepublic\/?page_id=48\">Nos partenaires<\/a><\/span><\/p>\n","protected":false},"author":1,"featured_media":0,"parent":778,"menu_order":100,"comment_status":"closed","ping_status":"closed","template":"","meta":{"om_disable_all_campaigns":false,"_monsterinsights_skip_tracking":false,"_monsterinsights_sitenote_active":false,"_monsterinsights_sitenote_note":"","_monsterinsights_sitenote_category":0,"ngg_post_thumbnail":0,"footnotes":""},"class_list":["post-48","page","type-page","status-publish","hentry","odd"],"aioseo_notices":[],"_links":{"self":[{"href":"https:\/\/www.w124.org\/sitepublic\/index.php?rest_route=\/wp\/v2\/pages\/48","targetHints":{"allow":["GET"]}}],"collection":[{"href":"https:\/\/www.w124.org\/sitepublic\/index.php?rest_route=\/wp\/v2\/pages"}],"about":[{"href":"https:\/\/www.w124.org\/sitepublic\/index.php?rest_route=\/wp\/v2\/types\/page"}],"author":[{"embeddable":true,"href":"https:\/\/www.w124.org\/sitepublic\/index.php?rest_route=\/wp\/v2\/users\/1"}],"replies":[{"embeddable":true,"href":"https:\/\/www.w124.org\/sitepublic\/index.php?rest_route=%2Fwp%2Fv2%2Fcomments&post=48"}],"version-history":[{"count":90,"href":"https:\/\/www.w124.org\/sitepublic\/index.php?rest_route=\/wp\/v2\/pages\/48\/revisions"}],"predecessor-version":[{"id":855,"href":"https:\/\/www.w124.org\/sitepublic\/index.php?rest_route=\/wp\/v2\/pages\/48\/revisions\/855"}],"up":[{"embeddable":true,"href":"https:\/\/www.w124.org\/sitepublic\/index.php?rest_route=\/wp\/v2\/pages\/778"}],"wp:attachment":[{"href":"https:\/\/www.w124.org\/sitepublic\/index.php?rest_route=%2Fwp%2Fv2%2Fmedia&parent=48"}],"curies":[{"name":"wp","href":"https:\/\/api.w.org\/{rel}","templated":true}]}}