{"id":69,"date":"2010-08-14T15:30:42","date_gmt":"2010-08-14T14:30:42","guid":{"rendered":"http:\/\/www.w124.org\/sitepublic\/blog\/?page_id=69"},"modified":"2026-03-06T11:42:25","modified_gmt":"2026-03-06T10:42:25","slug":"ladhesion","status":"publish","type":"page","link":"https:\/\/www.w124.org\/sitepublic\/?page_id=69","title":{"rendered":"L&rsquo;adh\u00e9sion"},"content":{"rendered":"<h1 style=\"text-align: center;\">Pour adh\u00e9rer au club, c&rsquo;est ici !<\/h1>\n<p><img class=\"aligncenter wp-image-3531 lws-optimize-lazyload\"  alt=\"logo_amicale_1985_1995\" width=\"100\" height=\"99\" data-src=\"\/sitepublic\/wp-content\/uploads\/2015\/12\/logo_amicale_1985_1995.gif\"><\/p>\n<table class=\" aligncenter\">\n<tbody>\n<tr>\n<td style=\"text-align: justify;\">\n<h3 style=\"text-align: center;\">En devenant membre de l&rsquo;Amicale vous aurez acc\u00e8s \u00e0 :<span style=\"color: #ff0000;\"><br \/>\n<\/span><\/h3>\n<ul>\n<li>Une carte d&rsquo;adh\u00e9rent pour b\u00e9n\u00e9ficier des remises chez nos partenaires (-10 \u00e0 -50%, frais de port gratuits etc.)<\/li>\n<li>L&rsquo;int\u00e9gralit\u00e9 des forums et archives du club.<\/li>\n<li>Un site r\u00e9serv\u00e9 aux adh\u00e9rents avec des documents d&rsquo;\u00e9poque sur les W124 (classeurs d&rsquo;entretien, articles de presse etc.)<\/li>\n<li>Pr\u00eat d&rsquo;outillage et d&rsquo;appareils de mesure<\/li>\n<li>Un service \u00ab\u00a0r\u00e9f\u00e9rences des pi\u00e8ces sp\u00e9cifiques \u00e0 votre Mercedes\u00a0\u00bb via nos sp\u00e9cialistes de l&rsquo;EPC<\/li>\n<li>Un service d&rsquo;\u00e9change standard pour certaines pi\u00e8ces (boitier papillon)<\/li>\n<li>Au d\u00e9codage pr\u00e9cis du num\u00e9ro de s\u00e9rie des W124<\/li>\n<li>Aux bonnes adresses du club<\/li>\n<li>La possibilit\u00e9 de participer \u00e0 des \u00e9v\u00e9nements\/sorties organis\u00e9s par le club ou ses partenaires<\/li>\n<li>Des abonnements aux revues \u00c9toiles passion et Youngtimers au tarif \u00ab\u00a0club\u00a0\u00bb<\/li>\n<li>Des tarifs pr\u00e9f\u00e9rentiels pour assister \u00e0 des salons (R\u00e9tromobile, Autom\u00e9don etc.)<\/li>\n<\/ul>\n<p style=\"text-align: center;\"><span style=\"color: #ff0000;\">Attention, nous ne sommes pas un service apr\u00e8s-vente officiel de la marque !<br \/>\nNous sommes une association ind\u00e9pendante qui met au service de <strong>ses adh\u00e9rents<\/strong> ses connaissances et son exp\u00e9rience.<\/span><\/p>\n<p style=\"text-align: center;\"><span style=\"color: #ff0000;\">Si vous d\u00e9sirez seulement vendre votre W124&nbsp; utilisez plut\u00f4t <a style=\"color: #ff0000;\" href=\"\/sitepublic\/?page_id=2060\" target=\"_blank\" rel=\"noopener noreferrer\">le formulaire de vente<\/a>.<\/span><\/p>\n<p style=\"text-align: center;\"><strong>Vous pouvez adh\u00e9rer m\u00eame si vous ne poss\u00e9dez pas encore de Mercedes W124 !<br \/>\n<\/strong><\/p>\n<h3 style=\"text-align: center;\"><span style=\"color: #333399;\">Montant de la cotisation annuelle \u00e0 partir de <\/span><strong><span style=\"color: #333399;\">40\u20ac<\/span><br \/>\n<\/strong><\/h3>\n<\/td>\n<\/tr>\n<tr>\n<td style=\"text-align: justify;\">\n<p style=\"text-align: center;\">L&rsquo;adh\u00e9sion est valable pour l&rsquo;ann\u00e9e civile du 1er janvier au 31 d\u00e9cembre de l&rsquo;ann\u00e9e en cours.<\/p>\n<p style=\"text-align: center;\"><em>Si elle est prise entre le 1er septembre et le 31 d\u00e9cembre elle est aussi valable pour l&rsquo;ann\u00e9e suivante.<\/em><\/p>\n<\/td>\n<\/tr>\n<tr>\n<td style=\"text-align: justify;\"><em>En devenant adh\u00e9rent \u00e0 l&rsquo;Amicale des Mercedes W124, vous vous engagez \u00e0 maintenir ou remettre dans son \u00e9tat d&rsquo;origine votre Mercedes, la pr\u00e9server des \u00e9preuves du temps, l&rsquo;entretenir avec des pi\u00e8ces d&rsquo;origine constructeur ou des \u00e9quipementiers 1\u00e8re monte ainsi qu&rsquo;\u00e0 ne pas modifier ses caract\u00e9ristiques techniques homologu\u00e9es. L&rsquo;amicale se r\u00e9serve le droit de refuser ou d&rsquo;annuler une adh\u00e9sion si un v\u00e9hicule ou son propri\u00e9taire ne correspondent pas \u00e0 la philosophie du club.<\/em><\/td>\n<\/tr>\n<tr>\n<td style=\"text-align: justify;\">\n<p style=\"text-align: center;\">Je reconnais avoir lu et accept\u00e9 <a href=\"\/sitepublic\/amicale\/StatutsAmicaleW124_2026.pdf\" target=\"_blank\" rel=\"noopener noreferrer\">les statuts<\/a> et le <a href=\"\/forum\/forum\/devenir-membre-du-club-nous-rejoindre\/a-lire-conditions-d-acc%C3%A8s-a-lire\/1578-infos-l%C3%A9gales-r%C3%A8glement-int%C3%A9rieur-charte\" target=\"_blank\" rel=\"noopener noreferrer\"><u>r\u00e8glement int\u00e9rieur<\/u><\/a> du club.<\/p>\n<\/td>\n<\/tr>\n<tr>\n<td style=\"text-align: justify;\">Un acc\u00e8s \u00e0 Internet et une adresse mail sont obligatoires. Si vous \u00eates propri\u00e9taire d&rsquo;une W124 vous devez joindre une photo du v\u00e9hicule \u00e0 la demande d&rsquo;adh\u00e9sion. Si ces conditions ne sont pas remplies nous ne pourrons pas donner suite \u00e0 votre demande. Nous acceptons les adh\u00e9sions m\u00eame si vous n&rsquo;\u00eates pas encore propri\u00e9taire d&rsquo;une W124 afin de vous aider \u00e0 trouver la perle rare.<\/td>\n<\/tr>\n<tr>\n<td style=\"text-align: justify;\">Une fois votre adh\u00e9sion valid\u00e9e, il vous sera demand\u00e9 de poster un message de pr\u00e9sentation de quelques lignes sur le forum du club afin de faire connaissance avec les autres adh\u00e9rents.<\/td>\n<\/tr>\n<\/tbody>\n<\/table>\n<h3 style=\"text-align: center;\"><a style=\"font-family: sans-serif; font-size: 14pt; color: #0000a0; font-weight: bold; text-align: center; text-decoration: none; background-color: #e0e0f9; height: 20px; border: 1px solid #0000a0;\" href=\"\/w124\/Adhesion\/index.php\" target=\"_blank\" rel=\"noopener\">POUR ADHERER CLIQUEZ ICI<\/a><\/h3>\n","protected":false},"excerpt":{"rendered":"<p>Pour adh\u00e9rer au club, c&rsquo;est ici ! <\/p>\n<p> En devenant membre de l&rsquo;Amicale vous aurez acc\u00e8s \u00e0 : Une carte d&rsquo;adh\u00e9rent pour b\u00e9n\u00e9ficier des remises chez nos partenaires (-10 \u00e0 -50%, frais de port gratuits etc.) L&rsquo;int\u00e9gralit\u00e9 des forums et archives du club. Un site r\u00e9serv\u00e9 aux adh\u00e9rents avec des documents d&rsquo;\u00e9poque sur les W124 <span style=\"color:#777\"> . . . &rarr; Lire tout l&rsquo;article: <a href=\"https:\/\/www.w124.org\/sitepublic\/?page_id=69\">L&rsquo;adh\u00e9sion<\/a><\/span><\/p>\n","protected":false},"author":1,"featured_media":0,"parent":34,"menu_order":20,"comment_status":"closed","ping_status":"closed","template":"","meta":{"om_disable_all_campaigns":false,"_monsterinsights_skip_tracking":false,"_monsterinsights_sitenote_active":false,"_monsterinsights_sitenote_note":"","_monsterinsights_sitenote_category":0,"ngg_post_thumbnail":0,"footnotes":""},"class_list":["post-69","page","type-page","status-publish","hentry","odd"],"aioseo_notices":[],"_links":{"self":[{"href":"https:\/\/www.w124.org\/sitepublic\/index.php?rest_route=\/wp\/v2\/pages\/69","targetHints":{"allow":["GET"]}}],"collection":[{"href":"https:\/\/www.w124.org\/sitepublic\/index.php?rest_route=\/wp\/v2\/pages"}],"about":[{"href":"https:\/\/www.w124.org\/sitepublic\/index.php?rest_route=\/wp\/v2\/types\/page"}],"author":[{"embeddable":true,"href":"https:\/\/www.w124.org\/sitepublic\/index.php?rest_route=\/wp\/v2\/users\/1"}],"replies":[{"embeddable":true,"href":"https:\/\/www.w124.org\/sitepublic\/index.php?rest_route=%2Fwp%2Fv2%2Fcomments&post=69"}],"version-history":[{"count":195,"href":"https:\/\/www.w124.org\/sitepublic\/index.php?rest_route=\/wp\/v2\/pages\/69\/revisions"}],"predecessor-version":[{"id":10813,"href":"https:\/\/www.w124.org\/sitepublic\/index.php?rest_route=\/wp\/v2\/pages\/69\/revisions\/10813"}],"up":[{"embeddable":true,"href":"https:\/\/www.w124.org\/sitepublic\/index.php?rest_route=\/wp\/v2\/pages\/34"}],"wp:attachment":[{"href":"https:\/\/www.w124.org\/sitepublic\/index.php?rest_route=%2Fwp%2Fv2%2Fmedia&parent=69"}],"curies":[{"name":"wp","href":"https:\/\/api.w.org\/{rel}","templated":true}]}}